{"id":1336,"date":"2021-11-23T22:11:37","date_gmt":"2021-11-23T22:11:37","guid":{"rendered":"https:\/\/jednosceuropejska.org\/?page_id=1336"},"modified":"2021-11-23T22:11:38","modified_gmt":"2021-11-23T22:11:38","slug":"budzet","status":"publish","type":"page","link":"https:\/\/jednosceuropejska.org\/index.php\/budzet\/","title":{"rendered":"Budzet"},"content":{"rendered":"<p>[et_pb_section fb_built=&#8221;1&#8243; _builder_version=&#8221;4.13.1&#8243; _module_preset=&#8221;default&#8221; global_colors_info=&#8221;{}&#8221; theme_builder_area=&#8221;post_content&#8221;][et_pb_row column_structure=&#8221;1_4,1_2,1_4&#8243; _builder_version=&#8221;4.13.1&#8243; _module_preset=&#8221;default&#8221; global_colors_info=&#8221;{}&#8221; theme_builder_area=&#8221;post_content&#8221;][et_pb_column type=&#8221;1_4&#8243; _builder_version=&#8221;4.13.1&#8243; _module_preset=&#8221;default&#8221; global_colors_info=&#8221;{}&#8221; theme_builder_area=&#8221;post_content&#8221;][et_pb_image src=&#8221;https:\/\/jednosceuropejska.org\/wp-content\/uploads\/2021\/07\/EUM-godlo-2-bez-obramowania.png&#8221; title_text=&#8221;EUM godlo 2 &#8211; bez obramowania&#8221; align=&#8221;right&#8221; _builder_version=&#8221;4.14.0&#8243; _module_preset=&#8221;default&#8221; max_height=&#8221;100px&#8221; global_colors_info=&#8221;{}&#8221; theme_builder_area=&#8221;post_content&#8221;][\/et_pb_image][\/et_pb_column][et_pb_column type=&#8221;1_2&#8243; _builder_version=&#8221;4.13.1&#8243; _module_preset=&#8221;default&#8221; global_colors_info=&#8221;{}&#8221; theme_builder_area=&#8221;post_content&#8221;][et_pb_text _builder_version=&#8221;4.14.0&#8243; _module_preset=&#8221;default&#8221; custom_margin=&#8221;30px||||false|false&#8221; text_text_shadow_style=&#8221;preset4&#8243; text_text_shadow_color=&#8221;#EDF000&#8243; global_colors_info=&#8221;{}&#8221; theme_builder_area=&#8221;post_content&#8221;]<\/p>\n<h1 style=\"text-align: center;\"><strong>EUM<\/strong><\/h1>\n<p>[\/et_pb_text][\/et_pb_column][et_pb_column type=&#8221;1_4&#8243; _builder_version=&#8221;4.13.1&#8243; _module_preset=&#8221;default&#8221; global_colors_info=&#8221;{}&#8221; theme_builder_area=&#8221;post_content&#8221;][et_pb_image src=&#8221;https:\/\/jednosceuropejska.org\/wp-content\/uploads\/2021\/07\/EUM-godlo-2-bez-obramowania.png&#8221; title_text=&#8221;EUM godlo 2 &#8211; bez obramowania&#8221; _builder_version=&#8221;4.14.0&#8243; _module_preset=&#8221;default&#8221; module_alignment=&#8221;left&#8221; max_height=&#8221;100px&#8221; global_colors_info=&#8221;{}&#8221; theme_builder_area=&#8221;post_content&#8221;][\/et_pb_image][\/et_pb_column][\/et_pb_row][et_pb_row column_structure=&#8221;1_5,3_5,1_5&#8243; _builder_version=&#8221;4.13.1&#8243; _module_preset=&#8221;default&#8221; global_colors_info=&#8221;{}&#8221; theme_builder_area=&#8221;post_content&#8221;][et_pb_column type=&#8221;1_5&#8243; _builder_version=&#8221;4.13.1&#8243; _module_preset=&#8221;default&#8221; global_colors_info=&#8221;{}&#8221; theme_builder_area=&#8221;post_content&#8221;][et_pb_image src=&#8221;https:\/\/jednosceuropejska.org\/wp-content\/uploads\/2021\/11\/04.jpg&#8221; title_text=&#8221;Kasa&#8221; align=&#8221;right&#8221; _builder_version=&#8221;4.14.0&#8243; _module_preset=&#8221;default&#8221; max_height=&#8221;100px&#8221; global_colors_info=&#8221;{}&#8221; theme_builder_area=&#8221;post_content&#8221;][\/et_pb_image][\/et_pb_column][et_pb_column type=&#8221;3_5&#8243; _builder_version=&#8221;4.13.1&#8243; _module_preset=&#8221;default&#8221; global_colors_info=&#8221;{}&#8221; theme_builder_area=&#8221;post_content&#8221;][et_pb_text _builder_version=&#8221;4.14.0&#8243; _module_preset=&#8221;default&#8221; text_text_color=&#8221;#000000&#8243; custom_margin=&#8221;25px||||false|false&#8221; hover_enabled=&#8221;0&#8243; text_text_shadow_style=&#8221;preset5&#8243; text_text_shadow_color=&#8221;#EDF000&#8243; global_colors_info=&#8221;{}&#8221; theme_builder_area=&#8221;post_content&#8221; sticky_enabled=&#8221;0&#8243;]<\/p>\n<h1 style=\"text-align: center;\"><strong>Bud\u017cet<\/strong><\/h1>\n<p style=\"text-align: center;\"><strong>Do czego wystarczy 1%?<\/strong><\/p>\n<p>[\/et_pb_text][\/et_pb_column][et_pb_column type=&#8221;1_5&#8243; _builder_version=&#8221;4.13.1&#8243; _module_preset=&#8221;default&#8221; global_colors_info=&#8221;{}&#8221; theme_builder_area=&#8221;post_content&#8221;][et_pb_image src=&#8221;https:\/\/jednosceuropejska.org\/wp-content\/uploads\/2021\/11\/04.jpg&#8221; title_text=&#8221;Kasa&#8221; _builder_version=&#8221;4.14.0&#8243; _module_preset=&#8221;default&#8221; max_height=&#8221;100px&#8221; global_colors_info=&#8221;{}&#8221; theme_builder_area=&#8221;post_content&#8221;][\/et_pb_image][\/et_pb_column][\/et_pb_row][et_pb_row column_structure=&#8221;1_5,3_5,1_5&#8243; _builder_version=&#8221;4.14.0&#8243; _module_preset=&#8221;default&#8221; global_colors_info=&#8221;{}&#8221; theme_builder_area=&#8221;post_content&#8221;][et_pb_column type=&#8221;1_5&#8243; _builder_version=&#8221;4.13.1&#8243; _module_preset=&#8221;default&#8221; global_colors_info=&#8221;{}&#8221; theme_builder_area=&#8221;post_content&#8221;][\/et_pb_column][et_pb_column type=&#8221;3_5&#8243; admin_label=&#8221;Tekst&#8221; _builder_version=&#8221;4.14.0&#8243; _module_preset=&#8221;default&#8221; use_background_color_gradient=&#8221;on&#8221; background_color_gradient_start=&#8221;rgba(255,255,255,0.9)&#8221; background_color_gradient_end=&#8221;rgba(255,255,255,0)&#8221; background_color_gradient_type=&#8221;radial&#8221; background_color_gradient_start_position=&#8221;50%&#8221; background_color_gradient_end_position=&#8221;125%&#8221; global_colors_info=&#8221;{}&#8221; theme_builder_area=&#8221;post_content&#8221;][et_pb_text _builder_version=&#8221;4.14.0&#8243; _module_preset=&#8221;default&#8221; hover_enabled=&#8221;0&#8243; global_colors_info=&#8221;{}&#8221; theme_builder_area=&#8221;post_content&#8221; sticky_enabled=&#8221;0&#8243;]<\/p>\n<p>Przysz\u0142y EUM powinien wspiera\u0107 dzia\u0142ania maj\u0105ce na celu znaczne zwi\u0119kszenie wielko\u015bci bud\u017cetu europejskiego. Obecnie ten bud\u017cet (z kt\u00f3rego wszyscy chc\u0105 tylko bra\u0107) ma wielko\u015b\u0107 maksymalnie 1 procenta PKB. (2018 \u2013 wp\u0142ywy bud\u017cetowe Polski to 355 miliard\u00f3w z\u0142otych, sk\u0142adka unijna \u2013 19 miliard\u00f3w z\u0142otych, PKB Polski 2018 \u2013 2342 miliard\u00f3w z\u0142otych \u2013 w tym aspekcie wp\u0142ywy bud\u017cetowe Polski to 15 procent PKB, a sk\u0142adka unijna to 0,8 procenta PKB). Nawet\u00a0 nie os\u0142awiony jeden procent. Polacy, co mo\u017cna zrobi\u0107 za \u015brodki uzyskane z tak niskich sk\u0142adek? W takiej sytuacji, z zerow\u0105 mo\u017cliwo\u015bci\u0105 rozwi\u0105zywania globalnych problem\u00f3w, Unia mo\u017ce by\u0107 tylko organizacj\u0105 pozarz\u0105dow\u0105, dobroczynn\u0105 czy cia\u0142em doradczym \u2013 niczym wi\u0119cej, \u017cadn\u0105 federacj\u0105 czy gwarantem bezpiecze\u0144stwa.<\/p>\n<p>Na marginesie, na razie Polska jest beneficjentem bud\u017cetu UE \u2013 w 2017 roku wp\u0142aci\u0142a 1,12 miliarda euro, dosta\u0142a \u2013 3,6 mld euro (dane z Ministerstwa Finans\u00f3w). W przeliczeniu na z\u0142ote: (po kursie 1 euro = 4,2 z\u0142ote) 4,7 miliarda z\u0142otych wp\u0142aty i 15,12 miliarda z\u0142otych zysk\u00f3w. Netto, jako kraj, zyskali\u015bmy 10,42 miliarda z\u0142otych. Tak wi\u0119c na razie jeste\u015bmy paso\u017cytami, kt\u00f3rzy chc\u0105 wi\u0119cej i wi\u0119cej\u2026<\/p>\n<p>\u015awi\u0119te Niemcy &#8211; Addenum 2 &#8211; EUM str 519<\/p>\n<p>[\/et_pb_text][et_pb_text _builder_version=&#8221;4.14.0&#8243; _module_preset=&#8221;default&#8221; hover_enabled=&#8221;0&#8243; global_colors_info=&#8221;{}&#8221; theme_builder_area=&#8221;post_content&#8221; sticky_enabled=&#8221;0&#8243;]<\/p>\n<h3>Dodatek obecny<\/h3>\n<p>Czy starczy na ochron\u0119 wschodniej flanki Unii?<\/p>\n<p>&nbsp;<\/p>\n<p>[\/et_pb_text][\/et_pb_column][et_pb_column type=&#8221;1_5&#8243; _builder_version=&#8221;4.13.1&#8243; _module_preset=&#8221;default&#8221; global_colors_info=&#8221;{}&#8221; theme_builder_area=&#8221;post_content&#8221;][\/et_pb_column][\/et_pb_row][\/et_pb_section]<\/p>\n","protected":false},"excerpt":{"rendered":"<p>EUMBud\u017cet Do czego wystarczy 1%?Przysz\u0142y EUM powinien wspiera\u0107 dzia\u0142ania maj\u0105ce na celu znaczne zwi\u0119kszenie wielko\u015bci bud\u017cetu europejskiego. Obecnie ten bud\u017cet (z kt\u00f3rego wszyscy chc\u0105 tylko bra\u0107) ma wielko\u015b\u0107 maksymalnie 1 procenta PKB. (2018 \u2013 wp\u0142ywy bud\u017cetowe Polski to 355 miliard\u00f3w z\u0142otych, sk\u0142adka unijna \u2013 19 miliard\u00f3w z\u0142otych, PKB Polski 2018 \u2013 2342 miliard\u00f3w z\u0142otych \u2013 [&hellip;]<\/p>\n","protected":false},"author":2,"featured_media":0,"parent":0,"menu_order":0,"comment_status":"closed","ping_status":"closed","template":"","meta":{"_et_pb_use_builder":"on","_et_pb_old_content":"","_et_gb_content_width":"","footnotes":""},"class_list":["post-1336","page","type-page","status-publish","hentry"],"yoast_head":"<!-- This site is optimized with the Yoast SEO plugin v17.7.1 - https:\/\/yoast.com\/wordpress\/plugins\/seo\/ -->\n<title>Budzet - EUM<\/title>\n<meta name=\"robots\" content=\"index, follow, max-snippet:-1, max-image-preview:large, max-video-preview:-1\" \/>\n<link rel=\"canonical\" href=\"https:\/\/jednosceuropejska.org\/index.php\/budzet\/\" \/>\n<meta property=\"og:locale\" content=\"pl_PL\" \/>\n<meta property=\"og:type\" content=\"article\" \/>\n<meta property=\"og:title\" content=\"Budzet - EUM\" \/>\n<meta property=\"og:description\" content=\"EUMBud\u017cet Do czego wystarczy 1%?Przysz\u0142y EUM powinien wspiera\u0107 dzia\u0142ania maj\u0105ce na celu znaczne zwi\u0119kszenie wielko\u015bci bud\u017cetu europejskiego. Obecnie ten bud\u017cet (z kt\u00f3rego wszyscy chc\u0105 tylko bra\u0107) ma wielko\u015b\u0107 maksymalnie 1 procenta PKB. (2018 \u2013 wp\u0142ywy bud\u017cetowe Polski to 355 miliard\u00f3w z\u0142otych, sk\u0142adka unijna \u2013 19 miliard\u00f3w z\u0142otych, PKB Polski 2018 \u2013 2342 miliard\u00f3w z\u0142otych \u2013 [&hellip;]\" \/>\n<meta property=\"og:url\" content=\"https:\/\/jednosceuropejska.org\/index.php\/budzet\/\" \/>\n<meta property=\"og:site_name\" content=\"EUM\" \/>\n<meta property=\"article:modified_time\" content=\"2021-11-23T22:11:38+00:00\" \/>\n<meta name=\"twitter:card\" content=\"summary_large_image\" \/>\n<script type=\"application\/ld+json\" class=\"yoast-schema-graph\">{\"@context\":\"https:\/\/schema.org\",\"@graph\":[{\"@type\":\"WebSite\",\"@id\":\"https:\/\/jednosceuropejska.org\/#website\",\"url\":\"https:\/\/jednosceuropejska.org\/\",\"name\":\"EUM\",\"description\":\"European Unity Movement\",\"potentialAction\":[{\"@type\":\"SearchAction\",\"target\":{\"@type\":\"EntryPoint\",\"urlTemplate\":\"https:\/\/jednosceuropejska.org\/?s={search_term_string}\"},\"query-input\":\"required name=search_term_string\"}],\"inLanguage\":\"pl-PL\"},{\"@type\":\"WebPage\",\"@id\":\"https:\/\/jednosceuropejska.org\/index.php\/budzet\/#webpage\",\"url\":\"https:\/\/jednosceuropejska.org\/index.php\/budzet\/\",\"name\":\"Budzet - EUM\",\"isPartOf\":{\"@id\":\"https:\/\/jednosceuropejska.org\/#website\"},\"datePublished\":\"2021-11-23T22:11:37+00:00\",\"dateModified\":\"2021-11-23T22:11:38+00:00\",\"breadcrumb\":{\"@id\":\"https:\/\/jednosceuropejska.org\/index.php\/budzet\/#breadcrumb\"},\"inLanguage\":\"pl-PL\",\"potentialAction\":[{\"@type\":\"ReadAction\",\"target\":[\"https:\/\/jednosceuropejska.org\/index.php\/budzet\/\"]}]},{\"@type\":\"BreadcrumbList\",\"@id\":\"https:\/\/jednosceuropejska.org\/index.php\/budzet\/#breadcrumb\",\"itemListElement\":[{\"@type\":\"ListItem\",\"position\":1,\"name\":\"Strona g\\u0142\\u00f3wna\",\"item\":\"https:\/\/jednosceuropejska.org\/\"},{\"@type\":\"ListItem\",\"position\":2,\"name\":\"Budzet\"}]}]}<\/script>\n<!-- \/ Yoast SEO plugin. -->","yoast_head_json":{"title":"Budzet - EUM","robots":{"index":"index","follow":"follow","max-snippet":"max-snippet:-1","max-image-preview":"max-image-preview:large","max-video-preview":"max-video-preview:-1"},"canonical":"https:\/\/jednosceuropejska.org\/index.php\/budzet\/","og_locale":"pl_PL","og_type":"article","og_title":"Budzet - EUM","og_description":"EUMBud\u017cet Do czego wystarczy 1%?Przysz\u0142y EUM powinien wspiera\u0107 dzia\u0142ania maj\u0105ce na celu znaczne zwi\u0119kszenie wielko\u015bci bud\u017cetu europejskiego. Obecnie ten bud\u017cet (z kt\u00f3rego wszyscy chc\u0105 tylko bra\u0107) ma wielko\u015b\u0107 maksymalnie 1 procenta PKB. (2018 \u2013 wp\u0142ywy bud\u017cetowe Polski to 355 miliard\u00f3w z\u0142otych, sk\u0142adka unijna \u2013 19 miliard\u00f3w z\u0142otych, PKB Polski 2018 \u2013 2342 miliard\u00f3w z\u0142otych \u2013 [&hellip;]","og_url":"https:\/\/jednosceuropejska.org\/index.php\/budzet\/","og_site_name":"EUM","article_modified_time":"2021-11-23T22:11:38+00:00","twitter_card":"summary_large_image","schema":{"@context":"https:\/\/schema.org","@graph":[{"@type":"WebSite","@id":"https:\/\/jednosceuropejska.org\/#website","url":"https:\/\/jednosceuropejska.org\/","name":"EUM","description":"European Unity Movement","potentialAction":[{"@type":"SearchAction","target":{"@type":"EntryPoint","urlTemplate":"https:\/\/jednosceuropejska.org\/?s={search_term_string}"},"query-input":"required name=search_term_string"}],"inLanguage":"pl-PL"},{"@type":"WebPage","@id":"https:\/\/jednosceuropejska.org\/index.php\/budzet\/#webpage","url":"https:\/\/jednosceuropejska.org\/index.php\/budzet\/","name":"Budzet - EUM","isPartOf":{"@id":"https:\/\/jednosceuropejska.org\/#website"},"datePublished":"2021-11-23T22:11:37+00:00","dateModified":"2021-11-23T22:11:38+00:00","breadcrumb":{"@id":"https:\/\/jednosceuropejska.org\/index.php\/budzet\/#breadcrumb"},"inLanguage":"pl-PL","potentialAction":[{"@type":"ReadAction","target":["https:\/\/jednosceuropejska.org\/index.php\/budzet\/"]}]},{"@type":"BreadcrumbList","@id":"https:\/\/jednosceuropejska.org\/index.php\/budzet\/#breadcrumb","itemListElement":[{"@type":"ListItem","position":1,"name":"Strona g\u0142\u00f3wna","item":"https:\/\/jednosceuropejska.org\/"},{"@type":"ListItem","position":2,"name":"Budzet"}]}]}},"_links":{"self":[{"href":"https:\/\/jednosceuropejska.org\/index.php\/wp-json\/wp\/v2\/pages\/1336","targetHints":{"allow":["GET"]}}],"collection":[{"href":"https:\/\/jednosceuropejska.org\/index.php\/wp-json\/wp\/v2\/pages"}],"about":[{"href":"https:\/\/jednosceuropejska.org\/index.php\/wp-json\/wp\/v2\/types\/page"}],"author":[{"embeddable":true,"href":"https:\/\/jednosceuropejska.org\/index.php\/wp-json\/wp\/v2\/users\/2"}],"replies":[{"embeddable":true,"href":"https:\/\/jednosceuropejska.org\/index.php\/wp-json\/wp\/v2\/comments?post=1336"}],"version-history":[{"count":2,"href":"https:\/\/jednosceuropejska.org\/index.php\/wp-json\/wp\/v2\/pages\/1336\/revisions"}],"predecessor-version":[{"id":1339,"href":"https:\/\/jednosceuropejska.org\/index.php\/wp-json\/wp\/v2\/pages\/1336\/revisions\/1339"}],"wp:attachment":[{"href":"https:\/\/jednosceuropejska.org\/index.php\/wp-json\/wp\/v2\/media?parent=1336"}],"curies":[{"name":"wp","href":"https:\/\/api.w.org\/{rel}","templated":true}]}}